{"id":259,"date":"2023-08-25T11:56:43","date_gmt":"2023-08-25T11:56:43","guid":{"rendered":"https:\/\/leperceur.com\/?page_id=259"},"modified":"2023-08-25T11:57:46","modified_gmt":"2023-08-25T11:57:46","slug":"politique-de-protection-des-renseignements-personnels-et-de-confidentialite","status":"publish","type":"page","link":"https:\/\/leperceur.com\/en\/politique-de-protection-des-renseignements-personnels-et-de-confidentialite\/","title":{"rendered":"Privacy and confidentiality policy"},"content":{"rendered":"<div data-elementor-type=\"wp-page\" data-elementor-id=\"259\" class=\"elementor elementor-259\" data-elementor-settings=\"{&quot;ha_cmc_init_switcher&quot;:&quot;no&quot;}\" data-elementor-post-type=\"page\">\n\t\t\t\t\t\t<section class=\"elementor-section elementor-top-section elementor-element elementor-element-7c47b836 elementor-section-boxed elementor-section-height-default elementor-section-height-default\" data-id=\"7c47b836\" data-element_type=\"section\" data-e-type=\"section\">\n\t\t\t\t\t\t<div class=\"elementor-container elementor-column-gap-default\">\n\t\t\t\t\t<div class=\"elementor-column elementor-col-100 elementor-top-column elementor-element elementor-element-6b910ff1\" data-id=\"6b910ff1\" data-element_type=\"column\" data-e-type=\"column\">\n\t\t\t<div class=\"elementor-widget-wrap elementor-element-populated\">\n\t\t\t\t\t\t<div class=\"elementor-element elementor-element-245206d2 elementor-widget elementor-widget-heading\" data-id=\"245206d2\" data-element_type=\"widget\" data-e-type=\"widget\" data-widget_type=\"heading.default\">\n\t\t\t\t<div class=\"elementor-widget-container\">\n\t\t\t\t\t<h1 class=\"elementor-heading-title elementor-size-default\">Privacy and confidentiality policy<\/h1>\t\t\t\t<\/div>\n\t\t\t\t<\/div>\n\t\t\t\t<div class=\"elementor-element elementor-element-64d94730 elementor-widget elementor-widget-heading\" data-id=\"64d94730\" data-element_type=\"widget\" data-e-type=\"widget\" data-widget_type=\"heading.default\">\n\t\t\t\t<div class=\"elementor-widget-container\">\n\t\t\t\t\t<div class=\"elementor-heading-title elementor-size-default\">Last updated : <\/div>\t\t\t\t<\/div>\n\t\t\t\t<\/div>\n\t\t\t\t<div class=\"elementor-element elementor-element-71023a6 elementor-widget elementor-widget-heading\" data-id=\"71023a6\" data-element_type=\"widget\" data-e-type=\"widget\" data-widget_type=\"heading.default\">\n\t\t\t\t<div class=\"elementor-widget-container\">\n\t\t\t\t\t<div class=\"elementor-heading-title elementor-size-default\">September 1st 2023 - Version 1.0<\/div>\t\t\t\t<\/div>\n\t\t\t\t<\/div>\n\t\t\t\t<div class=\"elementor-element elementor-element-b17a354 elementor-widget elementor-widget-text-editor\" data-id=\"b17a354\" data-element_type=\"widget\" data-e-type=\"widget\" data-widget_type=\"text-editor.default\">\n\t\t\t\t<div class=\"elementor-widget-container\">\n\t\t\t\t\t\t\t\t\t<p>This policy aims to ensure the preservation of personal information and regulate how we collect, use, disclose, store and dispose of it, or otherwise manage it. In addition, it aims to inform any data subject about how we process personal data. It also includes the cookie policy and the cookie consent settings.<\/p>\t\t\t\t\t\t\t\t<\/div>\n\t\t\t\t<\/div>\n\t\t\t\t<div class=\"elementor-element elementor-element-5a2139c4 elementor-widget elementor-widget-heading\" data-id=\"5a2139c4\" data-element_type=\"widget\" data-e-type=\"widget\" data-widget_type=\"heading.default\">\n\t\t\t\t<div class=\"elementor-widget-container\">\n\t\t\t\t\t<h2 class=\"elementor-heading-title elementor-size-default\">1. COLLECTION OF PERSONAL INFORMATION<\/h2>\t\t\t\t<\/div>\n\t\t\t\t<\/div>\n\t\t\t\t<div class=\"elementor-element elementor-element-accfc32 elementor-widget elementor-widget-text-editor\" data-id=\"accfc32\" data-element_type=\"widget\" data-e-type=\"widget\" data-widget_type=\"text-editor.default\">\n\t\t\t\t<div class=\"elementor-widget-container\">\n\t\t\t\t\t\t\t\t\t<p>By visiting our website, it is possible that personal data about you, such as your name, address, email, telephone number, etc., may be collected. This information is only collected if you voluntarily provide it, for example by completing a contact form, a request for quotation, a request for reminder, etc. Our commitment focuses on the exclusive collection of essential and relevant information in order to respond to your service request.<\/p>\t\t\t\t\t\t\t\t<\/div>\n\t\t\t\t<\/div>\n\t\t\t\t<div class=\"elementor-element elementor-element-542d2d65 elementor-widget elementor-widget-heading\" data-id=\"542d2d65\" data-element_type=\"widget\" data-e-type=\"widget\" data-widget_type=\"heading.default\">\n\t\t\t\t<div class=\"elementor-widget-container\">\n\t\t\t\t\t<h2 class=\"elementor-heading-title elementor-size-default\">2. PROTECTION OF PERSONAL INFORMATION<\/h2>\t\t\t\t<\/div>\n\t\t\t\t<\/div>\n\t\t\t\t<div class=\"elementor-element elementor-element-29b8bc92 elementor-widget elementor-widget-text-editor\" data-id=\"29b8bc92\" data-element_type=\"widget\" data-e-type=\"widget\" data-widget_type=\"text-editor.default\">\n\t\t\t\t<div class=\"elementor-widget-container\">\n\t\t\t\t\t\t\t\t\t<p>We implement appropriate security measures to prevent unauthorized access, use or disclosure of your personal data. In addition, access to your information is restricted to only employees or service providers who require this data to provide services to you.<\/p>\t\t\t\t\t\t\t\t<\/div>\n\t\t\t\t<\/div>\n\t\t\t\t<div class=\"elementor-element elementor-element-7fb5b46a elementor-widget elementor-widget-heading\" data-id=\"7fb5b46a\" data-element_type=\"widget\" data-e-type=\"widget\" data-widget_type=\"heading.default\">\n\t\t\t\t<div class=\"elementor-widget-container\">\n\t\t\t\t\t<h2 class=\"elementor-heading-title elementor-size-default\">3. SHARING OF PERSONAL INFORMATION<\/h2>\t\t\t\t<\/div>\n\t\t\t\t<\/div>\n\t\t\t\t<div class=\"elementor-element elementor-element-302d1ca0 elementor-widget elementor-widget-text-editor\" data-id=\"302d1ca0\" data-element_type=\"widget\" data-e-type=\"widget\" data-widget_type=\"text-editor.default\">\n\t\t\t\t<div class=\"elementor-widget-container\">\n\t\t\t\t\t\t\t\t\t<p>We do not trade, sell, rent or transfer your personal data to third parties for marketing purposes unless you expressly give us your consent. However, we may share your information with external service providers who assist us in running our business. We take steps to ensure that these third parties adhere to strict security and privacy standards.<\/p>\t\t\t\t\t\t\t\t<\/div>\n\t\t\t\t<\/div>\n\t\t\t\t<div class=\"elementor-element elementor-element-77475574 elementor-widget elementor-widget-heading\" data-id=\"77475574\" data-element_type=\"widget\" data-e-type=\"widget\" data-widget_type=\"heading.default\">\n\t\t\t\t<div class=\"elementor-widget-container\">\n\t\t\t\t\t<h2 class=\"elementor-heading-title elementor-size-default\">4. RETENTION AND DESTRUCTION OF PERSONAL INFORMATION<\/h2>\t\t\t\t<\/div>\n\t\t\t\t<\/div>\n\t\t\t\t<div class=\"elementor-element elementor-element-1453e7e7 elementor-widget elementor-widget-text-editor\" data-id=\"1453e7e7\" data-element_type=\"widget\" data-e-type=\"widget\" data-widget_type=\"text-editor.default\">\n\t\t\t\t<div class=\"elementor-widget-container\">\n\t\t\t\t\t\t\t\t\t<p>We keep your personal data for the period of time required to achieve the purposes for which it was collected unless the law provides otherwise. Measures are in place to ensure that your information is handled securely and in accordance with this policy. Once personal data is no longer required, we ensure that it is deleted or anonymized. We carry out the destruction of information in a secure manner, thus guaranteeing the preservation of their confidentiality.<\/p>\t\t\t\t\t\t\t\t<\/div>\n\t\t\t\t<\/div>\n\t\t\t\t<div class=\"elementor-element elementor-element-59d1e874 elementor-widget elementor-widget-heading\" data-id=\"59d1e874\" data-element_type=\"widget\" data-e-type=\"widget\" data-widget_type=\"heading.default\">\n\t\t\t\t<div class=\"elementor-widget-container\">\n\t\t\t\t\t<h2 class=\"elementor-heading-title elementor-size-default\">5. USE OF COOKIES<\/h2>\t\t\t\t<\/div>\n\t\t\t\t<\/div>\n\t\t\t\t<div class=\"elementor-element elementor-element-2b80a89d elementor-widget elementor-widget-text-editor\" data-id=\"2b80a89d\" data-element_type=\"widget\" data-e-type=\"widget\" data-widget_type=\"text-editor.default\">\n\t\t\t\t<div class=\"elementor-widget-container\">\n\t\t\t\t\t\t\t\t\t<p>To enrich your browsing experience, our website uses cookies. These are small text files that are kept on your device when you explore our site. They allow us to collect information such as the pages visited, the duration of the visit and your language preferences. This data helps us to analyze trends, optimize our site and offer you personalized content.<\/p><p>You can choose to accept or decline cookies using our consent banner. It is also possible to enable and disable the use of cookies by changing your preferences in your browser settings. However, please note that disabling cookies may limit some features of our website.<\/p>\t\t\t\t\t\t\t\t<\/div>\n\t\t\t\t<\/div>\n\t\t\t\t<div class=\"elementor-element elementor-element-e5dc51b elementor-widget elementor-widget-heading\" data-id=\"e5dc51b\" data-element_type=\"widget\" data-e-type=\"widget\" data-widget_type=\"heading.default\">\n\t\t\t\t<div class=\"elementor-widget-container\">\n\t\t\t\t\t<h2 class=\"elementor-heading-title elementor-size-default\">5.1 DEFINITION OF THE DIFFERENT COOKIES USED<\/h2>\t\t\t\t<\/div>\n\t\t\t\t<\/div>\n\t\t\t\t<div class=\"elementor-element elementor-element-37531cfd elementor-widget elementor-widget-heading\" data-id=\"37531cfd\" data-element_type=\"widget\" data-e-type=\"widget\" data-widget_type=\"heading.default\">\n\t\t\t\t<div class=\"elementor-widget-container\">\n\t\t\t\t\t<h3 class=\"elementor-heading-title elementor-size-default\">5.1.1 Functionality cookies<\/h3>\t\t\t\t<\/div>\n\t\t\t\t<\/div>\n\t\t\t\t<div class=\"elementor-element elementor-element-5df5fa9c elementor-widget elementor-widget-text-editor\" data-id=\"5df5fa9c\" data-element_type=\"widget\" data-e-type=\"widget\" data-widget_type=\"text-editor.default\">\n\t\t\t\t<div class=\"elementor-widget-container\">\n\t\t\t\t\t\t\t\t\t<p>These cookies are necessary for the proper functioning of the website. They are usually created as a response to actions you have taken on the website, such as saving your privacy preferences or filling out forms. These cookies do not store any personally identifiable information.<\/p>\t\t\t\t\t\t\t\t<\/div>\n\t\t\t\t<\/div>\n\t\t\t\t<div class=\"elementor-element elementor-element-24ef4886 elementor-widget elementor-widget-heading\" data-id=\"24ef4886\" data-element_type=\"widget\" data-e-type=\"widget\" data-widget_type=\"heading.default\">\n\t\t\t\t<div class=\"elementor-widget-container\">\n\t\t\t\t\t<h3 class=\"elementor-heading-title elementor-size-default\">5.1.2 Statistics cookies<\/h3>\t\t\t\t<\/div>\n\t\t\t\t<\/div>\n\t\t\t\t<div class=\"elementor-element elementor-element-79bc2f6d elementor-widget elementor-widget-text-editor\" data-id=\"79bc2f6d\" data-element_type=\"widget\" data-e-type=\"widget\" data-widget_type=\"text-editor.default\">\n\t\t\t\t<div class=\"elementor-widget-container\">\n\t\t\t\t\t\t\t\t\t<p>These cookies collect information about how you use the website, which pages you visited and which links you clicked on. This data allows us to measure and improve the performance of the website. The data is anonymized and cannot be used to identify you.<\/p>\t\t\t\t\t\t\t\t<\/div>\n\t\t\t\t<\/div>\n\t\t\t\t<div class=\"elementor-element elementor-element-1e8a5a70 elementor-widget elementor-widget-heading\" data-id=\"1e8a5a70\" data-element_type=\"widget\" data-e-type=\"widget\" data-widget_type=\"heading.default\">\n\t\t\t\t<div class=\"elementor-widget-container\">\n\t\t\t\t\t<h3 class=\"elementor-heading-title elementor-size-default\">5.1.3 Marketing cookies<\/h3>\t\t\t\t<\/div>\n\t\t\t\t<\/div>\n\t\t\t\t<div class=\"elementor-element elementor-element-3fca0dc1 elementor-widget elementor-widget-text-editor\" data-id=\"3fca0dc1\" data-element_type=\"widget\" data-e-type=\"widget\" data-widget_type=\"text-editor.default\">\n\t\t\t\t<div class=\"elementor-widget-container\">\n\t\t\t\t\t\t\t\t\t<p>These cookies can be set up on the website by our advertising partners or by integrating sharing features on social networks. They can be used by these companies to establish a profile of your interests in order to offer you personalized advertisements on other websites.<\/p><p>We encourage you to regularly consult the privacy policy of these social networks, as it may be subject to change, in order to understand how your data is used via these cookies. It is important to note that most of these social networks are based outside of Canada.<\/p>\t\t\t\t\t\t\t\t<\/div>\n\t\t\t\t<\/div>\n\t\t\t\t<div class=\"elementor-element elementor-element-6941a69e elementor-widget elementor-widget-heading\" data-id=\"6941a69e\" data-element_type=\"widget\" data-e-type=\"widget\" data-widget_type=\"heading.default\">\n\t\t\t\t<div class=\"elementor-widget-container\">\n\t\t\t\t\t<h3 class=\"elementor-heading-title elementor-size-default\">5.1.4 Secure cookies<\/h3>\t\t\t\t<\/div>\n\t\t\t\t<\/div>\n\t\t\t\t<div class=\"elementor-element elementor-element-1b6bab6a elementor-widget elementor-widget-text-editor\" data-id=\"1b6bab6a\" data-element_type=\"widget\" data-e-type=\"widget\" data-widget_type=\"text-editor.default\">\n\t\t\t\t<div class=\"elementor-widget-container\">\n\t\t\t\t\t\t\t\t\t<p>In order to prevent fraud and protect our systems, the forms on the website may be protected by Google ReCaptcha technology. This tool, which uses cookies, collects data about how a user interacts with the website. The way the user navigates the site with his mouse, the way he clicks between the contents, the time he takes to perform tasks and the device he uses are some examples of the data collected. The analysis of these allows the tool to determine the probability that the user is a robot or not. This data may be shared with other products and services of the American company Google.<\/p>\t\t\t\t\t\t\t\t<\/div>\n\t\t\t\t<\/div>\n\t\t\t\t<div class=\"elementor-element elementor-element-4ba014e7 elementor-widget elementor-widget-heading\" data-id=\"4ba014e7\" data-element_type=\"widget\" data-e-type=\"widget\" data-widget_type=\"heading.default\">\n\t\t\t\t<div class=\"elementor-widget-container\">\n\t\t\t\t\t<h2 class=\"elementor-heading-title elementor-size-default\">5.2 ENABLE\/DISABLE AND DELETE COOKIES<\/h2>\t\t\t\t<\/div>\n\t\t\t\t<\/div>\n\t\t\t\t<div class=\"elementor-element elementor-element-228557e9 elementor-widget elementor-widget-text-editor\" data-id=\"228557e9\" data-element_type=\"widget\" data-e-type=\"widget\" data-widget_type=\"text-editor.default\">\n\t\t\t\t<div class=\"elementor-widget-container\">\n\t\t\t\t\t\t\t\t\t<p>You can manage your cookies through your browsers on your various devices. Most browsers accept cookies by default. However, you can configure these to reject all cookies systematically or to specify the source of those you want to accept. You can also ask your browser to delete your cookies automatically when it is closed or regularly delete them manually. It should be noted that the configuration of each browser is different, do not hesitate to consult the help menu of these.<\/p>\t\t\t\t\t\t\t\t<\/div>\n\t\t\t\t<\/div>\n\t\t\t\t<div class=\"elementor-element elementor-element-1dca65a6 elementor-widget elementor-widget-heading\" data-id=\"1dca65a6\" data-element_type=\"widget\" data-e-type=\"widget\" data-widget_type=\"heading.default\">\n\t\t\t\t<div class=\"elementor-widget-container\">\n\t\t\t\t\t<h2 class=\"elementor-heading-title elementor-size-default\">5.3 CONSENT TO THE USE OF COOKIES<\/h2>\t\t\t\t<\/div>\n\t\t\t\t<\/div>\n\t\t\t\t<div class=\"elementor-element elementor-element-7b583f7b elementor-widget elementor-widget-text-editor\" data-id=\"7b583f7b\" data-element_type=\"widget\" data-e-type=\"widget\" data-widget_type=\"text-editor.default\">\n\t\t\t\t<div class=\"elementor-widget-container\">\n\t\t\t\t\t\t\t\t\t<p>When you first visit this website, a consent banner will be displayed to explain how we use cookies. By clicking on \u00abAccept\u00bb, you consent to the use of all these cookies as well as to the current cookie policy. In this banner, you can also \u00abRefuse\u00bb all cookies not essential to the operation of this website or \u00abManage your preferences\u00bb by accepting certain categories of cookies. You can change your consent at any time.<\/p>\t\t\t\t\t\t\t\t<\/div>\n\t\t\t\t<\/div>\n\t\t\t\t<div class=\"elementor-element elementor-element-1ac71696 elementor-widget elementor-widget-heading\" data-id=\"1ac71696\" data-element_type=\"widget\" data-e-type=\"widget\" data-widget_type=\"heading.default\">\n\t\t\t\t<div class=\"elementor-widget-container\">\n\t\t\t\t\t<h2 class=\"elementor-heading-title elementor-size-default\">5.4 THIRD PARTIES<\/h2>\t\t\t\t<\/div>\n\t\t\t\t<\/div>\n\t\t\t\t<div class=\"elementor-element elementor-element-29568b1b elementor-widget elementor-widget-text-editor\" data-id=\"29568b1b\" data-element_type=\"widget\" data-e-type=\"widget\" data-widget_type=\"text-editor.default\">\n\t\t\t\t<div class=\"elementor-widget-container\">\n\t\t\t\t\t\t\t\t\t<p>We have established agreements regarding the use of cookies with other companies that place cookies. However, we cannot ensure that these third parties manage your personal data reliably or securely. Some of these parties, such as Google and social networks, are to be considered as independent data processing entities. We strongly advise you to consult the privacy statements of these companies.<\/p>\t\t\t\t\t\t\t\t<\/div>\n\t\t\t\t<\/div>\n\t\t\t\t<div class=\"elementor-element elementor-element-4c200419 elementor-widget elementor-widget-heading\" data-id=\"4c200419\" data-element_type=\"widget\" data-e-type=\"widget\" data-widget_type=\"heading.default\">\n\t\t\t\t<div class=\"elementor-widget-container\">\n\t\t\t\t\t<h2 class=\"elementor-heading-title elementor-size-default\">6. RESPONSIBILITY<\/h2>\t\t\t\t<\/div>\n\t\t\t\t<\/div>\n\t\t\t\t<div class=\"elementor-element elementor-element-787b024c elementor-widget elementor-widget-text-editor\" data-id=\"787b024c\" data-element_type=\"widget\" data-e-type=\"widget\" data-widget_type=\"text-editor.default\">\n\t\t\t\t<div class=\"elementor-widget-container\">\n\t\t\t\t\t\t\t\t\t<p>Overall, we assume responsibility for the protection of the personal information we hold. Our employees who have access to personal information or who are involved in any way in their management take all necessary measures to ensure their protection and respect this policy.<\/p>\t\t\t\t\t\t\t\t<\/div>\n\t\t\t\t<\/div>\n\t\t\t\t<div class=\"elementor-element elementor-element-4c860d49 elementor-widget elementor-widget-heading\" data-id=\"4c860d49\" data-element_type=\"widget\" data-e-type=\"widget\" data-widget_type=\"heading.default\">\n\t\t\t\t<div class=\"elementor-widget-container\">\n\t\t\t\t\t<h2 class=\"elementor-heading-title elementor-size-default\">7. RIGHTS OF ACCESS, RECTIFICATION AND WITHDRAWAL OF CONSENT<\/h2>\t\t\t\t<\/div>\n\t\t\t\t<\/div>\n\t\t\t\t<div class=\"elementor-element elementor-element-cb8845c elementor-widget elementor-widget-text-editor\" data-id=\"cb8845c\" data-element_type=\"widget\" data-e-type=\"widget\" data-widget_type=\"text-editor.default\">\n\t\t\t\t<div class=\"elementor-widget-container\">\n\t\t\t\t\t\t\t\t\t<p>You have the right to request access to the data we process about you. You have the right to object to the processing of your data. You can request an overview of your processed data, presented in a commonly used format. You have the option to request the correction or deletion of your data if it is inaccurate or obsolete. In relevant cases, updated information will be communicated to third parties with access to this information. You have the right to withdraw your consent at any time, subject to contractual or legal constraints, and subject to reasonable notice. The implications of such a withdrawal will be explained to you. You have the right to submit an objection to our organization in case of non-compliance with PIPEDA (Personal Information Protection and Electronic Documents Act) and, if the problem persists, you can go to the Office of the Privacy Commissioner of Canada. If a person wishes to exercise his rights of access, rectification or withdrawal of consent, he must submit a written request to this effect to the Personal Data Protection Officer. The appropriate contact information is specified in the \u00abPrivacy Officer\u00bb section below.<\/p>\t\t\t\t\t\t\t\t<\/div>\n\t\t\t\t<\/div>\n\t\t\t\t<div class=\"elementor-element elementor-element-15c6fa3f elementor-widget elementor-widget-heading\" data-id=\"15c6fa3f\" data-element_type=\"widget\" data-e-type=\"widget\" data-widget_type=\"heading.default\">\n\t\t\t\t<div class=\"elementor-widget-container\">\n\t\t\t\t\t<h2 class=\"elementor-heading-title elementor-size-default\">8. PRIVACY COMPLAINT PROCESS<\/h2>\t\t\t\t<\/div>\n\t\t\t\t<\/div>\n\t\t\t\t<div class=\"elementor-element elementor-element-44a30162 elementor-widget elementor-widget-text-editor\" data-id=\"44a30162\" data-element_type=\"widget\" data-e-type=\"widget\" data-widget_type=\"text-editor.default\">\n\t\t\t\t<div class=\"elementor-widget-container\">\n\t\t\t\t\t\t\t\t\t<p>If someone wishes to file a complaint regarding the application of this policy or, more generally, regarding the security of their personal information, They must submit their request in writing by contacting the Personal Data Protection Officer, whose contact information is listed in the \u00abPrivacy Officer\u00bb section. This will be processed within a reasonable time frame. A separate file for each complaint received will be created. Each file will include the complaint, an analysis and supporting documentation for the assessment, as well as a response to the person making the complaint. We undertake to treat any complaint received confidentially.<\/p>\t\t\t\t\t\t\t\t<\/div>\n\t\t\t\t<\/div>\n\t\t\t\t<div class=\"elementor-element elementor-element-1ccb614c elementor-widget elementor-widget-heading\" data-id=\"1ccb614c\" data-element_type=\"widget\" data-e-type=\"widget\" data-widget_type=\"heading.default\">\n\t\t\t\t<div class=\"elementor-widget-container\">\n\t\t\t\t\t<h2 class=\"elementor-heading-title elementor-size-default\">9. PRIVACY OFFICER<\/h2>\t\t\t\t<\/div>\n\t\t\t\t<\/div>\n\t\t\t\t<div class=\"elementor-element elementor-element-6ee84ec1 elementor-widget elementor-widget-text-editor\" data-id=\"6ee84ec1\" data-element_type=\"widget\" data-e-type=\"widget\" data-widget_type=\"text-editor.default\">\n\t\t\t\t<div class=\"elementor-widget-container\">\n\t\t\t\t\t\t\t\t\tIf you have any questions, concerns or requests regarding this policy, please contact the Privacy Officer:\t\t\t\t\t\t\t\t<\/div>\n\t\t\t\t<\/div>\n\t\t\t\t<div class=\"elementor-element elementor-element-55f02b4a elementor-icon-list--layout-traditional elementor-list-item-link-full_width elementor-widget elementor-widget-icon-list\" data-id=\"55f02b4a\" data-element_type=\"widget\" data-e-type=\"widget\" data-widget_type=\"icon-list.default\">\n\t\t\t\t<div class=\"elementor-widget-container\">\n\t\t\t\t\t\t\t<ul class=\"elementor-icon-list-items\">\n\t\t\t\t\t\t\t<li class=\"elementor-icon-list-item\">\n\t\t\t\t\t\t\t\t\t\t\t<span class=\"elementor-icon-list-icon\">\n\t\t\t\t\t\t\t<i aria-hidden=\"true\" class=\"fas fa-user\"><\/i>\t\t\t\t\t\t<\/span>\n\t\t\t\t\t\t\t\t\t\t<span class=\"elementor-icon-list-text\">Daniel Plante, President<\/span>\n\t\t\t\t\t\t\t\t\t<\/li>\n\t\t\t\t\t\t\t\t<li class=\"elementor-icon-list-item\">\n\t\t\t\t\t\t\t\t\t\t\t<span class=\"elementor-icon-list-icon\">\n\t\t\t\t\t\t\t<i aria-hidden=\"true\" class=\"fas fa-phone-alt\"><\/i>\t\t\t\t\t\t<\/span>\n\t\t\t\t\t\t\t\t\t\t<span class=\"elementor-icon-list-text\">514-993-3353<\/span>\n\t\t\t\t\t\t\t\t\t<\/li>\n\t\t\t\t\t\t<\/ul>\n\t\t\t\t\t\t<\/div>\n\t\t\t\t<\/div>\n\t\t\t\t<div class=\"elementor-element elementor-element-5f3c1dd1 elementor-widget elementor-widget-heading\" data-id=\"5f3c1dd1\" data-element_type=\"widget\" data-e-type=\"widget\" data-widget_type=\"heading.default\">\n\t\t\t\t<div class=\"elementor-widget-container\">\n\t\t\t\t\t<h2 class=\"elementor-heading-title elementor-size-default\">10. APPROVAL<\/h2>\t\t\t\t<\/div>\n\t\t\t\t<\/div>\n\t\t\t\t<div class=\"elementor-element elementor-element-27fd2b43 elementor-widget elementor-widget-text-editor\" data-id=\"27fd2b43\" data-element_type=\"widget\" data-e-type=\"widget\" data-widget_type=\"text-editor.default\">\n\t\t\t\t<div class=\"elementor-widget-container\">\n\t\t\t\t\t\t\t\t\t<p>This policy is approved by the Privacy Officer whose business contact information is posted above.<\/p>\t\t\t\t\t\t\t\t<\/div>\n\t\t\t\t<\/div>\n\t\t\t\t<div class=\"elementor-element elementor-element-635405c8 elementor-widget elementor-widget-heading\" data-id=\"635405c8\" data-element_type=\"widget\" data-e-type=\"widget\" data-widget_type=\"heading.default\">\n\t\t\t\t<div class=\"elementor-widget-container\">\n\t\t\t\t\t<h2 class=\"elementor-heading-title elementor-size-default\">11. PUBLICATION AND AMENDMENTS<\/h2>\t\t\t\t<\/div>\n\t\t\t\t<\/div>\n\t\t\t\t<div class=\"elementor-element elementor-element-65dbe3a9 elementor-widget elementor-widget-text-editor\" data-id=\"65dbe3a9\" data-element_type=\"widget\" data-e-type=\"widget\" data-widget_type=\"text-editor.default\">\n\t\t\t\t<div class=\"elementor-widget-container\">\n\t\t\t\t\t\t\t\t\t<p>We reserve the right to revise this privacy policy at any time. Changes will be posted on our website and will take effect upon posting. We encourage you to check this policy regularly to stay informed of any updates.<\/p>\t\t\t\t\t\t\t\t<\/div>\n\t\t\t\t<\/div>\n\t\t\t\t\t<\/div>\n\t\t<\/div>\n\t\t\t\t\t<\/div>\n\t\t<\/section>\n\t\t\t\t<\/div>","protected":false},"excerpt":{"rendered":"<p>Politique de protection des renseignements personnels et de confidentialit\u00e9 Derni\u00e8re mise \u00e0 jour : 1 septembre 2023 &#8211; version 1.0 L&rsquo;objectif de cette politique est de garantir la pr\u00e9servation des informations personnelles et de r\u00e9guler la mani\u00e8re dont nous les recueillons, les exploitons, les communiquons, les conservons et les \u00e9liminons, ou g\u00e9rons autrement. De plus, [&hellip;]<\/p>\n","protected":false},"author":1,"featured_media":0,"parent":0,"menu_order":0,"comment_status":"closed","ping_status":"closed","template":"","meta":{"footnotes":""},"class_list":["post-259","page","type-page","status-publish","hentry"],"_links":{"self":[{"href":"https:\/\/leperceur.com\/en\/wp-json\/wp\/v2\/pages\/259","targetHints":{"allow":["GET"]}}],"collection":[{"href":"https:\/\/leperceur.com\/en\/wp-json\/wp\/v2\/pages"}],"about":[{"href":"https:\/\/leperceur.com\/en\/wp-json\/wp\/v2\/types\/page"}],"author":[{"embeddable":true,"href":"https:\/\/leperceur.com\/en\/wp-json\/wp\/v2\/users\/1"}],"replies":[{"embeddable":true,"href":"https:\/\/leperceur.com\/en\/wp-json\/wp\/v2\/comments?post=259"}],"version-history":[{"count":0,"href":"https:\/\/leperceur.com\/en\/wp-json\/wp\/v2\/pages\/259\/revisions"}],"wp:attachment":[{"href":"https:\/\/leperceur.com\/en\/wp-json\/wp\/v2\/media?parent=259"}],"curies":[{"name":"wp","href":"https:\/\/api.w.org\/{rel}","templated":true}]}}